{"id":81,"date":"2012-12-27T17:31:08","date_gmt":"2012-12-27T15:31:08","guid":{"rendered":"http:\/\/naturheilpraxis-lempert.de\/?page_id=81"},"modified":"2013-06-27T16:24:53","modified_gmt":"2013-06-27T14:24:53","slug":"cellsymbiosistherapiekonzept","status":"publish","type":"page","link":"https:\/\/naturheilpraxis-lempert.de\/?page_id=81","title":{"rendered":"Cellsymbiosistherapiekonzept"},"content":{"rendered":"<h4><b>Cellsymbiosistherapiekonzept nach Dr. Kremer<\/b><\/h4>\n<p><strong>Cellsymbiosistherapie<\/strong><\/p>\n<p>Die Cellsymbiosistherapie nach Dr. Heinrich Kremer ist ein Therapiekonzept, welches evolutionsbiologisch begr\u00fcndet ist. Es eignet sich f\u00fcr die Behandlung aller chronischen Erkrankungen. Das Ziel dieser Therapie ist es, die Zellfunktion zu regenerieren bzw. die Mitochondrienfunktion zu regulieren. Die Grundannahme ist, dass viele Krankheitsbilder urs\u00e4chlich eine St\u00f6rung der sauerstoffabh\u00e4ngigen Zellatmung sind, also eine St\u00f6rung der Mitochondrienfunktion.<\/p>\n<p>Jede menschliche Zelle enth\u00e4lt neben dem Zellkern, der f\u00fcr die Zellteilung und die Programmierung der jeweiligen Zell-Erbsubstanz verantwortlich ist, u.a. kleine Zellorganellen, die ebenfalls Erbinformation enthalten und f\u00fcr den Energiehaushalt der Zellen zust\u00e4ndig sind. Diese Zellorganellen hei\u00dfen Mitochondrien. Mitochondrien k\u00f6nnen in sehr komplexen Verfahren u.a. aus Zucker und Sauerstoff unsere Zellenergie (ATP) f\u00fcr die Zellfunktion erzeugen. Diese Art der Energiebildung wird auch Hochleistungsmodell genannt. Au\u00dferdem sind die Mitochondrien auch f\u00fcr die zellul\u00e4re Abwehr des Immunsystems verantwortlich. Eine Zelle des Menschen besitzt (mit Ausnahme der roten Blutk\u00f6rperchen) ca. 1500 Mitochondrien.<\/p>\n<p>Energie, die au\u00dferhalb von Mitochondrien gebildet bzw. moduliert wird, steuert die Zellteilung. Energie, die innerhalb von Mitochondrien mit Hilfe von Sauerstoff gebildet bzw. moduliert wird, steuert\/lenkt fast alle Stoffwechselleistungen, Energieleistungen und Entgiftungsvorg\u00e4nge in unserem Organismus. Mitochondrien spielen also eine zentrale Rolle f\u00fcr unsere Gesundheit und Genesung. Dieses sehr komplexe System der Zellversorgung mit Energie und der Zellteilung ist sehr empfindlich auf St\u00f6rungen von au\u00dferhalb oder innerhalb der Zelle, wie z.B. falsche Ern\u00e4hrung und Unterversorgung mit Vitalstoffen, toxische Belastungen im K\u00f6rper (Schwermetalle, Medikamente, Chemikalien, Stoffwechselgifte, Suchtgifte), \u00dcbers\u00e4uerung, elektrische und magnetische Felder (Funkmasten, DECT, elektrische Wechselfelder, Hochspannungsleitungen, Wasseradern, Verwerfungen uvm.).<\/p>\n<p>Krebs und seine Vorl\u00e4ufererkrankungen sind demnach fixierte und graduell zunehmende St\u00f6rungen der Mitochondrienfunktion. Sie werden durch eine dauerhafte Mitochondrienfunktionsst\u00f6rung verursacht. Dies beruht auf funktionellen St\u00f6rungen oder strukturellen Defekten der Mitochondrien. Wird die Zellenergie nicht mehr innerhalb der Mitochondrien mit Hilfe von Sauerstoff erzeugt, so kommt es zu einem Notfallprogramm der Energiegewinnung. Durch anhaltende Verg\u00e4rung von Zucker\u00a0wird die\u00a0Zellteilung eingeleitet. Das k\u00f6nnte die Entstehung von Krebszellen erkl\u00e4ren.<\/p>\n<p>Durch diesen Denkansatz l\u00e4\u00dft sich die Entstehung vieler chronischer Erkrankungen von Allergie \u00fcber Rheuma bis Krebs genau erkl\u00e4ren. Ca 90% der sogenannten genetisch bedingten Erkrankungen lassen sich so positiv im Sinne des Patienten beeinflussen.<\/p>\n<p>L\u00e4uft die Mitochondrien-gesteuerte Energiegewinnung nicht wieder an, ist die manifeste Krebserkrankung nicht mehr so einfach zu stoppen.\u00a0\u2028Cellsymbiosis\u00ae &#8211; Therapeuten versuchen, die Ursachen f\u00fcr die Mitochondrienst\u00f6rung zu finden. Entsprechende Toxine werden entfernt und ausgeleitet (Entgiftungstherapien, Zahnmetallsanierung), die \u00dcbers\u00e4uerung des K\u00f6rpers wird durch geeignete Ents\u00e4uerungs- und Basentherapien eingeschr\u00e4nkt.<\/p>\n<p>Die Ern\u00e4hrung wird mit Hilfe einer Laboruntersuchung des Blutes (IGG1-4 Nahrungsmitteltest) optimiert, somit der Stoffwechsel entlastet und die Aufnahme von Vitalstoffen verbessert.<\/p>\n<p>Durch gezielte Zuf\u00fchrung von Vitalstoffen (sowohl in Kapselform als auch in Infusionen, je nach Schweregrad der Erkrankungen), die positiv modulierend auf die Mitochondrien und deren Funktion wirken, wird die normale Funktion der Zellen wieder hergestellt.<\/p>\n<p>F\u00fcr diese Therapieform ist eine ordentliche Darmfunktion von gr\u00f6\u00dfter Wichtigkeit. So leistet unser Darm doch in Sachen Ern\u00e4hrung und Entgiftung Schwerstarbeit. Deshalb ist in vielen F\u00e4llen eine so genannte Darmsymbioselenkung (Herstellen der physiologisch normalen Darmflora und Darmfunktion) notwendig. Es wird die Sanierung der Mitochondrienfunktion und -anzahl angestrebt.<\/p>\n<p>Dem Therapiekonzept Cellsymbiosis\u00ae Therapie nach Dr.med. Heinrich Kremer wurde in der Juni-Ausgabe 2006 des \u201cTownsend Letter-The Examiner of Alternative Medicine\u201c \u201ewissenschaftliche Solidit\u00e4t\u201c und \u201efortdauernder immenser therapeutischer Nutzen\u201c bescheinigt.<\/p>\n<p>nach Dr. Kremer:<\/p>\n<ul>\n<li>Labordiagonstik<\/li>\n<li>Ern\u00e4hrungstherapie<\/li>\n<li>Rationelle Naturstofftherapie<\/li>\n<li>Infusionstherapie<\/li>\n<li><strong>Schwermetallausleitung<\/strong><\/li>\n<li>Chelattherapie<\/li>\n<\/ul>\n<p><b>Vielfach als eines der effektivsten Entgiftungsverfahren bezeichnet, wird die Chelattherapie per Infusion durchgef\u00fchrt. Dabei kommt es vor allem zur Ausschwemmung von giftigen Schwermetallen.<\/b><\/p>\n<p>Die Chelattherapie ist ein ambulantes Heilverfahren, welches den K\u00f6rper von Giftstoffen, vor allen Dingen Schwermetallen befreien soll.<\/p>\n<p>Dabei wird dem K\u00f6rper unter anderem eine L\u00f6sung zugef\u00fchrt, die verschiedene Mineralstoffe und Vitamine enth\u00e4lt, vor allem aber die Wirkstoffe, die als \u201eChelatbildner\u201c bezeichnet werden. Dabei handelt es sich um k\u00fcnstliche Aminos\u00e4uren, deren Haupteigenschaft es ist, Metalle (vor allen Dingen giftige Schwermetalle) im K\u00f6rper zu binden, um sie wasserl\u00f6slich zu machen. Diese so gebundenen giftigen Metalle k\u00f6nnen dann \u00fcber den Urin ausgeschieden werden. Die wichtigsten verwendeten Aminos\u00e4uren hei\u00dfen EDTA (&#8222;Ethylen-Diamin-Tetra-Acetat&#8220;), DMSA (Dimethylbersteins\u00e4ure), DMPS (Dimercapto-1-propansulfons\u00e4ure) und DTPA (Diethylentriaminpentaessigs\u00e4ure). Diese k\u00fcnstlichen Aminos\u00e4uren besitzen die Eigenschaft, Metalle wie z.B. Blei, Quecksilber, Palladium, Kupfer, Kadmium, Aluminium usw. im K\u00f6rper zu binden und \u00fcber die Nieren auszuscheiden. Deshalb werden sie sowohl bei Metallvergiftungen als auch zur Behandlung von Arteriellen Verschlu\u00dfkrankheiten eingesetzt. Da die Molek\u00fcle dieser Aminos\u00e4uren die Schwermetalleinlagerungen wie mit Klauen umschlie\u00dfen und unsch\u00e4dlich machen, hat man die L\u00f6sungen als &#8222;Chelat&#8220; bezeichnet, nach dem Griechischen &#8222;Chele&#8220;, das hei\u00dft &#8222;Klaue&#8220;(im Sinne von Krabbenscheren). Entscheidend ist, dass die Chelatbildner eine gro\u00dfe Bindungsf\u00e4higkeit zu zellsch\u00e4digenden Metallen haben. Dadurch kann z.B. die Arteriosklerose aufgehalten, die Zellfunktion wiederhergestellt und die Kalzium-\u00dcberladung wieder abgebaut werden. Das an Eiwei\u00df gebundene Kalzium bleibt von den Chelatbildnern unbehelligt. Es kommt zu keiner Knochenentkalkung!<\/p>\n<p>Aber auch bei anderen Erkrankungen wie Rheuma, Darmprobleme, Nervenerkrankungen, Hautkrankheiten und Krebs kann eine Chelattherapie sinnvoll sein, sofern diagnostisch ein Zusammenhang zu Vergiftungen hergestellt werden kann.<\/p>\n<p>Chelattherapie wird \u00fcberall in der Welt praktiziert. In den USA zum Beispiel haben sich schon \u00fcber tausend \u00c4rzte darauf spezialisiert.\u00a0\u2028\u00a0Etwa 300.000 Patienten erhielten rund 4 Millionen Infusionen.<\/p>\n<p>Chelattherapie ist eine auch in Deutschland verbreitete Behandlung. Die Infusionsl\u00f6sung enth\u00e4lt ausschlie\u00dflich Wirkstoffe, die vom Bundesgesundheitsamt zugelassen sind. Gravierende Nebenwirkungen sind uns gegenw\u00e4rtig nicht bekannt, insoweit mit dieser Therapiemethode in ihrer Anwendung sorgf\u00e4ltig verfahren wird. Gelegentlich k\u00f6nnen w\u00e4hrend der Infusionen geringf\u00fcgige Schmerzen, Erm\u00fcdung sowie \u00c4nderungen des Blutdrucks oder des Blutzuckerspiegels auftreten. Sie k\u00f6nnen problemlos durch Verlangsamung der Infusionsgeschwindigkeit und andere einfache Ma\u00dfnahmen kontrolliert werden. Meist verschwinden diese Begleiterscheinungen nach zwei Sitzungen von selbst. Durch eine gr\u00fcndliche \u00e4rztliche Untersuchung (mit Blut- und Urinanalyse) vor, gegebenenfalls auch w\u00e4hrend und nach der Behandlung ist eine optimale Kontrolle gew\u00e4hrleistet. Bei geringerer toxischer Belastung oder bei f\u00fcr Infusionen ung\u00fcnstigen Venen kommen auch EDTA-Z\u00e4pfchen oder Kapseln mit anderen Chelat-Bildnern (DMSA, DMPS) zur Anwendung. Es wird durch die Therapeuten darauf geachtet, dass eventuelle Mineralstoffverluste von \u201en\u00fctzlichen\u201c Mineralien medikament\u00f6s wieder ausgeglichen werden.<\/p>\n","protected":false},"excerpt":{"rendered":"<p>Cellsymbiosistherapiekonzept nach Dr. Kremer Cellsymbiosistherapie Die Cellsymbiosistherapie nach Dr. Heinrich Kremer ist ein Therapiekonzept, welches evolutionsbiologisch begr\u00fcndet ist. Es eignet sich f\u00fcr die Behandlung aller chronischen Erkrankungen. Das Ziel dieser Therapie ist es, die Zellfunktion zu regenerieren bzw. die Mitochondrienfunktion zu regulieren. Die Grundannahme ist, dass viele Krankheitsbilder urs\u00e4chlich eine&#8230;<\/p>\n","protected":false},"author":1,"featured_media":0,"parent":0,"menu_order":0,"comment_status":"closed","ping_status":"closed","template":"","meta":{"footnotes":""},"class_list":["post-81","page","type-page","status-publish","hentry"],"_links":{"self":[{"href":"https:\/\/naturheilpraxis-lempert.de\/index.php?rest_route=\/wp\/v2\/pages\/81","targetHints":{"allow":["GET"]}}],"collection":[{"href":"https:\/\/naturheilpraxis-lempert.de\/index.php?rest_route=\/wp\/v2\/pages"}],"about":[{"href":"https:\/\/naturheilpraxis-lempert.de\/index.php?rest_route=\/wp\/v2\/types\/page"}],"author":[{"embeddable":true,"href":"https:\/\/naturheilpraxis-lempert.de\/index.php?rest_route=\/wp\/v2\/users\/1"}],"replies":[{"embeddable":true,"href":"https:\/\/naturheilpraxis-lempert.de\/index.php?rest_route=%2Fwp%2Fv2%2Fcomments&post=81"}],"version-history":[{"count":0,"href":"https:\/\/naturheilpraxis-lempert.de\/index.php?rest_route=\/wp\/v2\/pages\/81\/revisions"}],"wp:attachment":[{"href":"https:\/\/naturheilpraxis-lempert.de\/index.php?rest_route=%2Fwp%2Fv2%2Fmedia&parent=81"}],"curies":[{"name":"wp","href":"https:\/\/api.w.org\/{rel}","templated":true}]}}